{"id":1213,"date":"2024-04-10T19:52:21","date_gmt":"2024-04-10T17:52:21","guid":{"rendered":"https:\/\/pipers.lu\/?page_id=1213"},"modified":"2024-05-14T16:35:29","modified_gmt":"2024-05-14T14:35:29","slug":"ehrenmitglied","status":"publish","type":"page","link":"https:\/\/pipers.lu\/index.php\/ehrenmitglied\/","title":{"rendered":"Ehrenmitglied werden"},"content":{"rendered":"\n<div class=\"wp-block-cover alignfull is-light has-parallax\"><span aria-hidden=\"true\" class=\"wp-block-cover__background has-background-dim\" style=\"background-color:#948680\"><\/span><div class=\"wp-block-cover__image-background wp-image-1214 has-parallax\" style=\"background-position:50% 50%;background-image:url(https:\/\/pipers.lu\/wp-content\/uploads\/2024\/04\/5W6A8871.jpg)\"><\/div><div class=\"wp-block-cover__inner-container is-layout-flow wp-block-cover-is-layout-flow\">\n<p class=\"has-text-align-center\" style=\"font-size:36px\"><strong><mark style=\"background-color:rgba(0, 0, 0, 0)\" class=\"has-inline-color has-background-color\">Werden Sie Ehrenmitglied<\/mark><\/strong><\/p>\n<\/div><\/div>\n\n\n\n<p>Wir freuen uns sehr \u00fcber jegliche Unterst\u00fctzung, die unserer Band entgegengebracht wird. Dies hilft uns, weiterhin bei \u00f6ffentlichen Auftritten teilnehmen zu k\u00f6nnen und unsere Ausr\u00fcstung auf dem neusten Stand zu halten.<\/p>\n\n\n\n<p>Durch eine kleine Spende von einem Betrag Ihrer Wahl k\u00f6nnen Sie Ehrenmitglied bei uns werden. F\u00fcllen Sie hierzu bitte das folgende Formular aus.<\/p>\n\n\n\n<div class=\"wp-block-contact-form-7-contact-form-selector\">\n<div class=\"wpcf7 no-js\" id=\"wpcf7-f1212-o1\" lang=\"en-US\" dir=\"ltr\">\n<div class=\"screen-reader-response\"><p role=\"status\" aria-live=\"polite\" aria-atomic=\"true\"><\/p> <ul><\/ul><\/div>\n<form action=\"\/index.php\/wp-json\/wp\/v2\/pages\/1213#wpcf7-f1212-o1\" method=\"post\" class=\"wpcf7-form init\" aria-label=\"Contact form\" novalidate=\"novalidate\" data-status=\"init\">\n<div style=\"display: none;\">\n<input type=\"hidden\" name=\"_wpcf7\" value=\"1212\" \/>\n<input type=\"hidden\" name=\"_wpcf7_version\" value=\"5.9.8\" \/>\n<input type=\"hidden\" name=\"_wpcf7_locale\" value=\"en_US\" \/>\n<input type=\"hidden\" name=\"_wpcf7_unit_tag\" value=\"wpcf7-f1212-o1\" \/>\n<input type=\"hidden\" name=\"_wpcf7_container_post\" value=\"0\" \/>\n<input type=\"hidden\" name=\"_wpcf7_posted_data_hash\" value=\"\" \/>\n<input type=\"hidden\" name=\"_wpcf7_recaptcha_response\" value=\"\" \/>\n<\/div>\n<p><label> Vorname<br \/>\n<span class=\"wpcf7-form-control-wrap\" data-name=\"vorname-don\"><input size=\"40\" maxlength=\"400\" class=\"wpcf7-form-control wpcf7-text wpcf7-validates-as-required\" aria-required=\"true\" aria-invalid=\"false\" value=\"\" type=\"text\" name=\"vorname-don\" \/><\/span> <\/label>\n<\/p>\n<p><label> Nachname<br \/>\n<span class=\"wpcf7-form-control-wrap\" data-name=\"nachname-don\"><input size=\"40\" maxlength=\"400\" class=\"wpcf7-form-control wpcf7-text wpcf7-validates-as-required\" aria-required=\"true\" aria-invalid=\"false\" value=\"\" type=\"text\" name=\"nachname-don\" \/><\/span> <\/label>\n<\/p>\n<p><label> Vollst\u00e4ndige Adresse<br \/>\n<span class=\"wpcf7-form-control-wrap\" data-name=\"adresse-don\"><input size=\"40\" maxlength=\"400\" class=\"wpcf7-form-control wpcf7-text wpcf7-validates-as-required\" aria-required=\"true\" aria-invalid=\"false\" value=\"\" type=\"text\" name=\"adresse-don\" \/><\/span> <\/label>\n<\/p>\n<p><label> E-Mail Adresse<br \/>\n<span class=\"wpcf7-form-control-wrap\" data-name=\"email-don\"><input size=\"40\" maxlength=\"400\" class=\"wpcf7-form-control wpcf7-email wpcf7-validates-as-required wpcf7-text wpcf7-validates-as-email\" aria-required=\"true\" aria-invalid=\"false\" value=\"\" type=\"email\" name=\"email-don\" \/><\/span> <\/label>\n<\/p>\n<p><label> H\u00f6he der Spende (\u20ac)<br \/>\n<span class=\"wpcf7-form-control-wrap\" data-name=\"spende-don\"><input class=\"wpcf7-form-control wpcf7-number wpcf7-validates-as-required wpcf7-validates-as-number\" min=\"10\" aria-required=\"true\" aria-invalid=\"false\" value=\"\" type=\"number\" name=\"spende-don\" \/><\/span> \u20ac <\/label>\n<\/p>\n<p>Zahlungsmethode<br \/>\n<span class=\"wpcf7-form-control-wrap\" data-name=\"zahlungsmethode-don\"><span class=\"wpcf7-form-control wpcf7-radio\"><span class=\"wpcf7-list-item first\"><label><input type=\"radio\" name=\"zahlungsmethode-don\" value=\"Bar\" checked=\"checked\" \/><span class=\"wpcf7-list-item-label\">Bar<\/span><\/label><\/span><span class=\"wpcf7-list-item\"><label><input type=\"radio\" name=\"zahlungsmethode-don\" value=\"Payconiq\" \/><span class=\"wpcf7-list-item-label\">Payconiq<\/span><\/label><\/span><span class=\"wpcf7-list-item\"><label><input type=\"radio\" name=\"zahlungsmethode-don\" value=\"Paypal\" \/><span class=\"wpcf7-list-item-label\">Paypal<\/span><\/label><\/span><span class=\"wpcf7-list-item last\"><label><input type=\"radio\" name=\"zahlungsmethode-don\" value=\"\u00dcberweisung\" \/><span class=\"wpcf7-list-item-label\">\u00dcberweisung<\/span><\/label><\/span><\/span><\/span>\n<\/p>\n<p>Ich bin damit einverstanden, dass ich zuk\u00fcnftig einmal im Jahr von den Spirit of the Highlands, Pipes and Drums Grevenmacher zwecks deren finanziellen Unterst\u00fctzung kontaktiert werde.<br \/>\n<span class=\"wpcf7-form-control-wrap\" data-name=\"einverstanden-don\"><span class=\"wpcf7-form-control wpcf7-radio\"><span class=\"wpcf7-list-item first\"><label><input type=\"radio\" name=\"einverstanden-don\" value=\"Ja\" checked=\"checked\" \/><span class=\"wpcf7-list-item-label\">Ja<\/span><\/label><\/span><span class=\"wpcf7-list-item last\"><label><input type=\"radio\" name=\"einverstanden-don\" value=\"Nein\" \/><span class=\"wpcf7-list-item-label\">Nein<\/span><\/label><\/span><\/span><\/span>\n<\/p>\n<p><input class=\"wpcf7-form-control wpcf7-submit has-spinner\" type=\"submit\" value=\"Antrag abschicken\" \/>\n<\/p><div class=\"wpcf7-response-output\" aria-hidden=\"true\"><\/div>\n<\/form>\n<\/div>\n<\/div>\n","protected":false},"excerpt":{"rendered":"<p>Wir freuen uns sehr \u00fcber jegliche Unterst\u00fctzung, die unserer Band entgegengebracht wird. Dies hilft uns, weiterhin bei \u00f6ffentlichen Auftritten teilnehmen zu k\u00f6nnen und unsere Ausr\u00fcstung auf dem neusten Stand zu<a class=\"more-link\" href=\"https:\/\/pipers.lu\/index.php\/ehrenmitglied\/\">Continue reading <span class=\"screen-reader-text\">&#8220;Ehrenmitglied werden&#8221;<\/span><\/a><\/p>\n","protected":false},"author":1,"featured_media":0,"parent":0,"menu_order":0,"comment_status":"closed","ping_status":"closed","template":"","meta":{"_EventAllDay":false,"_EventTimezone":"","_EventStartDate":"","_EventEndDate":"","_EventStartDateUTC":"","_EventEndDateUTC":"","_EventShowMap":false,"_EventShowMapLink":false,"_EventURL":"","_EventCost":"","_EventCostDescription":"","_EventCurrencySymbol":"","_EventCurrencyCode":"","_EventCurrencyPosition":"","_EventDateTimeSeparator":"","_EventTimeRangeSeparator":"","_EventOrganizerID":[],"_EventVenueID":[],"_OrganizerEmail":"","_OrganizerPhone":"","_OrganizerWebsite":"","_VenueAddress":"","_VenueCity":"","_VenueCountry":"","_VenueProvince":"","_VenueState":"","_VenueZip":"","_VenuePhone":"","_VenueURL":"","_VenueStateProvince":"","_VenueLat":"","_VenueLng":"","_VenueShowMap":false,"_VenueShowMapLink":false,"footnotes":""},"class_list":["post-1213","page","type-page","status-publish","hentry","entry"],"_links":{"self":[{"href":"https:\/\/pipers.lu\/index.php\/wp-json\/wp\/v2\/pages\/1213","targetHints":{"allow":["GET"]}}],"collection":[{"href":"https:\/\/pipers.lu\/index.php\/wp-json\/wp\/v2\/pages"}],"about":[{"href":"https:\/\/pipers.lu\/index.php\/wp-json\/wp\/v2\/types\/page"}],"author":[{"embeddable":true,"href":"https:\/\/pipers.lu\/index.php\/wp-json\/wp\/v2\/users\/1"}],"replies":[{"embeddable":true,"href":"https:\/\/pipers.lu\/index.php\/wp-json\/wp\/v2\/comments?post=1213"}],"version-history":[{"count":4,"href":"https:\/\/pipers.lu\/index.php\/wp-json\/wp\/v2\/pages\/1213\/revisions"}],"predecessor-version":[{"id":1306,"href":"https:\/\/pipers.lu\/index.php\/wp-json\/wp\/v2\/pages\/1213\/revisions\/1306"}],"wp:attachment":[{"href":"https:\/\/pipers.lu\/index.php\/wp-json\/wp\/v2\/media?parent=1213"}],"curies":[{"name":"wp","href":"https:\/\/api.w.org\/{rel}","templated":true}]}}