{"id":138,"date":"2022-03-09T15:29:35","date_gmt":"2022-03-09T14:29:35","guid":{"rendered":"https:\/\/pipers.lu\/?page_id=138"},"modified":"2025-01-06T13:58:15","modified_gmt":"2025-01-06T12:58:15","slug":"booking-request","status":"publish","type":"page","link":"https:\/\/pipers.lu\/index.php\/booking-request\/","title":{"rendered":"Buchungsanfrage"},"content":{"rendered":"\n<div class=\"wp-block-cover alignfull is-light has-parallax\"><span aria-hidden=\"true\" class=\"wp-block-cover__background has-background-dim\"><\/span><div class=\"wp-block-cover__image-background wp-image-451 has-parallax\" style=\"background-position:50% 50%;background-image:url(https:\/\/pipers.lu\/wp-content\/uploads\/2022\/07\/5W6A3110-2.jpg)\"><\/div><div class=\"wp-block-cover__inner-container is-layout-flow wp-block-cover-is-layout-flow\">\n<p class=\"has-text-align-center\" style=\"font-size:36px\"><strong><mark style=\"background-color:rgba(0, 0, 0, 0)\" class=\"has-inline-color has-background-color\">Buchen Sie uns!<\/mark><\/strong><\/p>\n<\/div><\/div>\n\n\n\n<p>M\u00f6chten Sie unsere Band auf Ihrer Veranstaltung dabei haben? Oder ben\u00f6tigen Sie ein kleineres Ensemble f\u00fcr einen besonderen Anlass? Schicken Sie uns eine unverbindliche Buchungsanfrage, indem Sie das nachfolgende Formular ausf\u00fcllen. Wir werden uns schnellstm\u00f6glich bei Ihnen melden!<\/p>\n\n\n\n<p>Sie k\u00f6nnen uns buchen f\u00fcr private Feiern (z.B. Geburtstage, Hochzeiten, &#8230;), f\u00fcr Begr\u00e4bnisse oder Memorials, f\u00fcr Umz\u00fcge oder auch f\u00fcr ganze Konzerte (auch mit anderen Musikvereinen zusammen).<\/p>\n\n\n\n<p><strong>Unsere Preise<\/strong><\/p>\n\n\n\n<p>Preisvoranschl\u00e4ge werden ausgestellt nach Kontaktaufnahme mit dem Organisator und sind abh\u00e4ngig von den gew\u00fcnschten Leistungen, sowie diversen Faktoren (Distanz zum Veranstaltungsort, Dauer des Auftritts, &#8230;)<\/p>\n\n\n\n<p style=\"font-size:18px\">In der Regel basieren sich alle Angebote auf der folgenden Leistungsstruktur:<\/p>\n\n\n\n<ul class=\"wp-block-list\">\n<li class=\"has-normal-font-size\"><strong>Wind Orchestra Package: 1000\u20ac<\/strong><br>Auftritt der gesamten Band mit S\u00e4ngerin, w\u00e4hrend i.d.R. 60 min innerhalb von 90 min.<br>Beinhaltet alle n\u00f6tigen R\u00fccksprachen des Band-Leads mit den Orgsanisatoren, Bereitstellen von allen n\u00f6tigen Partituren und Teilnahme an einer Generalprobe.<\/li>\n\n\n\n<li style=\"font-size:18px\"><strong>Konzert: 800\u20ac<\/strong><br>Auftritt der gesamten Band mit S\u00e4ngerin, w\u00e4hrend i.d.R. 60 min innerhalb von 90 min.<br>Kein Zusammenspielen mit anderen Bands, kein Bereitstellen von Partituren, keine Generalprobe.<\/li>\n\n\n\n<li style=\"font-size:18px\"><strong>Regul\u00e4rer Auftritt: 600\u20ac<\/strong><br>Auftritt der gesamten Band ohne S\u00e4ngerin, w\u00e4hrend i.d.R. 2x 20 min innerhalb von einer Stunde.<\/li>\n\n\n\n<li style=\"font-size:18px\"><strong>Quintette: <em>zur Zeit nicht verf\u00fcgbar<\/em><\/strong><br>Aufgrund der gro\u00dfen Nachfrage sind wir zur Zeit nicht in der Lage, Musiker f\u00fcr Auftritte als Quintette zur Verf\u00fcgung zu stellen.<\/li>\n\n\n\n<li style=\"font-size:18px\"><strong>Lone Piper \/ Duett: Privatauftritt<\/strong><br>In speziellen Situationen wie beispielsweise einer Bestattung oder einer kleinen Privatfeier, kann der Auftritt eines Lone Pipers, eventuell im Zusammenspiel mit einem Trommler erw\u00fcnscht sein. Gerne k\u00f6nnen wir solche Anfragen als Privatauftritte an unsere Mitglieder vermitteln, mit denen Sie &#8211; je nach Verf\u00fcgbarkeit &#8211; einen individuellen Tarif vereinbaren k\u00f6nnen.<\/li>\n\n\n\n<li style=\"font-size:18px\"><strong>Verleih unserer PA Anlage: 250\u20ac<\/strong><br>Bei Auftritten mit unserer S\u00e4ngerin oder bei Konzerten mit anderen Bands, wird in der Regel eine entsprechende Beschallungsanlage am Veranstaltungsort ben\u00f6tigt. Diese k\u00f6nnen wir Ihnen f\u00fcr eine Geb\u00fchr von 250\u20ac gerne zur Verf\u00fcgung stellen und uns ebenfalls um den Auf- und Abbau vor Ort k\u00fcmmern.<\/li>\n<\/ul>\n\n\n\n<p>Bitte beachten Sie, dass es sich bei den hier aufgelisteten Preisen um Referenzpreise handelt, die je nach Situation (weite Anfahrt, Auftritte \u00fcber einen l\u00e4ngeren Zeitraum, Benefizveranstaltungen, &#8230;) variieren k\u00f6nnen. Es gelten die im Vertrag festgehaltenen Leistungen und Preise.<\/p>\n\n\n\n<div class=\"wp-block-contact-form-7-contact-form-selector\">\n<div class=\"wpcf7 no-js\" id=\"wpcf7-f141-o1\" lang=\"en-US\" dir=\"ltr\">\n<div class=\"screen-reader-response\"><p role=\"status\" aria-live=\"polite\" aria-atomic=\"true\"><\/p> <ul><\/ul><\/div>\n<form action=\"\/index.php\/wp-json\/wp\/v2\/pages\/138#wpcf7-f141-o1\" method=\"post\" class=\"wpcf7-form init\" aria-label=\"Contact form\" novalidate=\"novalidate\" data-status=\"init\">\n<div style=\"display: none;\">\n<input type=\"hidden\" name=\"_wpcf7\" value=\"141\" \/>\n<input type=\"hidden\" name=\"_wpcf7_version\" value=\"5.9.8\" \/>\n<input type=\"hidden\" name=\"_wpcf7_locale\" value=\"en_US\" \/>\n<input type=\"hidden\" name=\"_wpcf7_unit_tag\" value=\"wpcf7-f141-o1\" \/>\n<input type=\"hidden\" name=\"_wpcf7_container_post\" value=\"0\" \/>\n<input type=\"hidden\" name=\"_wpcf7_posted_data_hash\" value=\"\" \/>\n<input type=\"hidden\" name=\"_wpcf7_recaptcha_response\" value=\"\" \/>\n<\/div>\n<p><label> 1. Name der Veranstaltung<br \/>\n<span class=\"wpcf7-form-control-wrap\" data-name=\"booking-name\"><input size=\"40\" maxlength=\"400\" class=\"wpcf7-form-control wpcf7-text wpcf7-validates-as-required\" aria-required=\"true\" aria-invalid=\"false\" value=\"\" type=\"text\" name=\"booking-name\" \/><\/span> <\/label>\n<\/p>\n<p><label> 2. Veranstaltungsort<br \/>\n<span class=\"wpcf7-form-control-wrap\" data-name=\"booking-location\"><input size=\"40\" maxlength=\"400\" class=\"wpcf7-form-control wpcf7-text wpcf7-validates-as-required\" aria-required=\"true\" aria-invalid=\"false\" value=\"\" type=\"text\" name=\"booking-location\" \/><\/span> <\/label>\n<\/p>\n<p><label> 3. Datum der Veranstaltung<br \/>\n<span class=\"wpcf7-form-control-wrap\" data-name=\"booking-date\"><input class=\"wpcf7-form-control wpcf7-date wpcf7-validates-as-required wpcf7-validates-as-date\" aria-required=\"true\" aria-invalid=\"false\" value=\"\" type=\"date\" name=\"booking-date\" \/><\/span> <\/label>\n<\/p>\n<p><label> 4. Uhrzeit des geplanten Auftritts<br \/>\n<span class=\"wpcf7-form-control-wrap\" data-name=\"booking-time\"><input size=\"40\" maxlength=\"400\" class=\"wpcf7-form-control wpcf7-text wpcf7-validates-as-required\" aria-required=\"true\" aria-invalid=\"false\" value=\"\" type=\"text\" name=\"booking-time\" \/><\/span> <\/label>\n<\/p>\n<p><label> 5. Art des geplanten Auftritts<br \/>\n<span class=\"wpcf7-form-control-wrap\" data-name=\"booking-type\"><select class=\"wpcf7-form-control wpcf7-select wpcf7-validates-as-required\" aria-required=\"true\" aria-invalid=\"false\" name=\"booking-type\"><option value=\"Umzug\">Umzug<\/option><option value=\"Animation (spielen an mehreren Stellen)\">Animation (spielen an mehreren Stellen)<\/option><option value=\"Konzert (an einer Stelle)\">Konzert (an einer Stelle)<\/option><\/select><\/span> <\/label>\n<\/p>\n<p><label> 6. Wo soll der Auftritt stattfinden?<br \/>\n<span class=\"wpcf7-form-control-wrap\" data-name=\"booking-protected\"><select class=\"wpcf7-form-control wpcf7-select wpcf7-validates-as-required\" aria-required=\"true\" aria-invalid=\"false\" name=\"booking-protected\"><option value=\"Drau\u00dfen (kein Witterungsschutz)\">Drau\u00dfen (kein Witterungsschutz)<\/option><option value=\"Drau\u00dfen (witterungsgesch\u00fctzt, z.B. Unterstand)\">Drau\u00dfen (witterungsgesch\u00fctzt, z.B. Unterstand)<\/option><option value=\"Innen (z.B. Halle oder Saal)\">Innen (z.B. Halle oder Saal)<\/option><\/select><\/span> <\/label>\n<\/p>\n<p><label> 7. Sind R\u00e4umlichkeiten zum Umkleiden, Einspielen, resp. zur Ablage der Instrumente vorhanden?<br \/>\n<span class=\"wpcf7-form-control-wrap\" data-name=\"booking-room\"><select class=\"wpcf7-form-control wpcf7-select wpcf7-validates-as-required\" aria-required=\"true\" aria-invalid=\"false\" name=\"booking-room\"><option value=\"kein Raum vorhanden\">kein Raum vorhanden<\/option><option value=\"ein Raum vorhanden\">ein Raum vorhanden<\/option><option value=\"zwei R\u00e4ume vorhanden (ideal)\">zwei R\u00e4ume vorhanden (ideal)<\/option><\/select><\/span> <\/label>\n<\/p>\n<p><label> 8. Gew\u00fcnschtes Package<br \/>\n<span class=\"wpcf7-form-control-wrap\" data-name=\"booking-band\"><select class=\"wpcf7-form-control wpcf7-select wpcf7-validates-as-required\" aria-required=\"true\" aria-invalid=\"false\" name=\"booking-band\"><option value=\"Auftritt\">Auftritt<\/option><option value=\"Konzert\">Konzert<\/option><option value=\"Wind Orchestra Package\">Wind Orchestra Package<\/option><option value=\"Sonstiges (bitte beim n\u00e4chsten Punkt angeben)\">Sonstiges (bitte beim n\u00e4chsten Punkt angeben)<\/option><\/select><\/span> <\/label>\n<\/p>\n<p><label> 9. Beschreibung der Veranstaltung, resp. des gew\u00fcnschten Auftritts<br \/>\n<span class=\"wpcf7-form-control-wrap\" data-name=\"booking-description\"><textarea cols=\"40\" rows=\"10\" maxlength=\"2000\" class=\"wpcf7-form-control wpcf7-textarea wpcf7-validates-as-required\" aria-required=\"true\" aria-invalid=\"false\" name=\"booking-description\"><\/textarea><\/span> <\/label>\n<\/p>\n<p><label> 10. Name des Ansprechpartners vor Ort<br \/>\n<span class=\"wpcf7-form-control-wrap\" data-name=\"booking-refperson\"><input size=\"40\" maxlength=\"400\" class=\"wpcf7-form-control wpcf7-text wpcf7-validates-as-required\" aria-required=\"true\" aria-invalid=\"false\" value=\"\" type=\"text\" name=\"booking-refperson\" \/><\/span> <\/label>\n<\/p>\n<p><label> 11. Telefonnummer des Ansprechpartners vor Ort<br \/>\n<span class=\"wpcf7-form-control-wrap\" data-name=\"booking-refnumber\"><input size=\"40\" maxlength=\"400\" class=\"wpcf7-form-control wpcf7-text wpcf7-validates-as-required\" aria-required=\"true\" aria-invalid=\"false\" value=\"\" type=\"text\" name=\"booking-refnumber\" \/><\/span> <\/label>\n<\/p>\n<p><label> 12. Name des Antragstellers<br \/>\n<span class=\"wpcf7-form-control-wrap\" data-name=\"booking-demperson\"><input size=\"40\" maxlength=\"400\" class=\"wpcf7-form-control wpcf7-text wpcf7-validates-as-required\" aria-required=\"true\" aria-invalid=\"false\" value=\"\" type=\"text\" name=\"booking-demperson\" \/><\/span> <\/label>\n<\/p>\n<p><label> 13. Telefonnummer des Antragstellers<br \/>\n<span class=\"wpcf7-form-control-wrap\" data-name=\"booking-demnumber\"><input size=\"40\" maxlength=\"400\" class=\"wpcf7-form-control wpcf7-text wpcf7-validates-as-required\" aria-required=\"true\" aria-invalid=\"false\" value=\"\" type=\"text\" name=\"booking-demnumber\" \/><\/span> <\/label>\n<\/p>\n<p><label> 14. E-Mail Adresse des Antragstellers<br \/>\n<span class=\"wpcf7-form-control-wrap\" data-name=\"booking-demmail\"><input size=\"40\" maxlength=\"400\" class=\"wpcf7-form-control wpcf7-email wpcf7-validates-as-required wpcf7-text wpcf7-validates-as-email\" aria-required=\"true\" aria-invalid=\"false\" value=\"\" type=\"email\" name=\"booking-demmail\" \/><\/span> <\/label>\n<\/p>\n<p><label> 15. Wie sollen wir Sie vorzugsweise kontaktieren?<br \/>\n<span class=\"wpcf7-form-control-wrap\" data-name=\"booking-contact\"><select class=\"wpcf7-form-control wpcf7-select wpcf7-validates-as-required\" aria-required=\"true\" aria-invalid=\"false\" name=\"booking-contact\"><option value=\"telefonisch\">telefonisch<\/option><option value=\"per E-Mail\">per E-Mail<\/option><\/select><\/span> <\/label>\n<\/p>\n<p><input class=\"wpcf7-form-control wpcf7-submit has-spinner\" type=\"submit\" value=\"Buchungsanfrage unverbindlich abschicken\" \/>\n<\/p><div class=\"wpcf7-response-output\" aria-hidden=\"true\"><\/div>\n<\/form>\n<\/div>\n<\/div>\n","protected":false},"excerpt":{"rendered":"<p>M\u00f6chten Sie unsere Band auf Ihrer Veranstaltung dabei haben? Oder ben\u00f6tigen Sie ein kleineres Ensemble f\u00fcr einen besonderen Anlass? Schicken Sie uns eine unverbindliche Buchungsanfrage, indem Sie das nachfolgende Formular<a class=\"more-link\" href=\"https:\/\/pipers.lu\/index.php\/booking-request\/\">Continue reading <span class=\"screen-reader-text\">&#8220;Buchungsanfrage&#8221;<\/span><\/a><\/p>\n","protected":false},"author":1,"featured_media":0,"parent":0,"menu_order":0,"comment_status":"closed","ping_status":"closed","template":"","meta":{"_EventAllDay":false,"_EventTimezone":"","_EventStartDate":"","_EventEndDate":"","_EventStartDateUTC":"","_EventEndDateUTC":"","_EventShowMap":false,"_EventShowMapLink":false,"_EventURL":"","_EventCost":"","_EventCostDescription":"","_EventCurrencySymbol":"","_EventCurrencyCode":"","_EventCurrencyPosition":"","_EventDateTimeSeparator":"","_EventTimeRangeSeparator":"","_EventOrganizerID":[],"_EventVenueID":[],"_OrganizerEmail":"","_OrganizerPhone":"","_OrganizerWebsite":"","_VenueAddress":"","_VenueCity":"","_VenueCountry":"","_VenueProvince":"","_VenueState":"","_VenueZip":"","_VenuePhone":"","_VenueURL":"","_VenueStateProvince":"","_VenueLat":"","_VenueLng":"","_VenueShowMap":false,"_VenueShowMapLink":false,"footnotes":""},"class_list":["post-138","page","type-page","status-publish","hentry","entry"],"_links":{"self":[{"href":"https:\/\/pipers.lu\/index.php\/wp-json\/wp\/v2\/pages\/138","targetHints":{"allow":["GET"]}}],"collection":[{"href":"https:\/\/pipers.lu\/index.php\/wp-json\/wp\/v2\/pages"}],"about":[{"href":"https:\/\/pipers.lu\/index.php\/wp-json\/wp\/v2\/types\/page"}],"author":[{"embeddable":true,"href":"https:\/\/pipers.lu\/index.php\/wp-json\/wp\/v2\/users\/1"}],"replies":[{"embeddable":true,"href":"https:\/\/pipers.lu\/index.php\/wp-json\/wp\/v2\/comments?post=138"}],"version-history":[{"count":29,"href":"https:\/\/pipers.lu\/index.php\/wp-json\/wp\/v2\/pages\/138\/revisions"}],"predecessor-version":[{"id":1836,"href":"https:\/\/pipers.lu\/index.php\/wp-json\/wp\/v2\/pages\/138\/revisions\/1836"}],"wp:attachment":[{"href":"https:\/\/pipers.lu\/index.php\/wp-json\/wp\/v2\/media?parent=138"}],"curies":[{"name":"wp","href":"https:\/\/api.w.org\/{rel}","templated":true}]}}